{"id":2,"date":"2019-08-01T17:18:47","date_gmt":"2019-08-01T17:18:47","guid":{"rendered":"http:\/\/localhost\/wordpress\/?page_id=2"},"modified":"2026-02-23T16:45:22","modified_gmt":"2026-02-23T16:45:22","slug":"sample-page","status":"publish","type":"page","link":"https:\/\/www.zavadilova.eu\/","title":{"rendered":"\u00davod"},"content":{"rendered":"\t\t<div data-elementor-type=\"wp-post\" data-elementor-id=\"2\" class=\"elementor elementor-2\">\n\t\t\t\t\t\t<div class=\"elementor-inner\">\n\t\t\t\t<div class=\"elementor-section-wrap\">\n\t\t\t\t\t\t\t\t\t<section class=\"elementor-section elementor-top-section elementor-element elementor-element-cb34b3b elementor-section-boxed elementor-section-height-default elementor-section-height-default\" data-id=\"cb34b3b\" data-element_type=\"section\">\n\t\t\t\t\t\t<div class=\"elementor-container elementor-column-gap-default\">\n\t\t\t\t\t\t\t<div class=\"elementor-row\">\n\t\t\t\t\t<div class=\"elementor-column elementor-col-100 elementor-top-column elementor-element elementor-element-0fbe31a\" data-id=\"0fbe31a\" data-element_type=\"column\">\n\t\t\t<div class=\"elementor-column-wrap elementor-element-populated\">\n\t\t\t\t\t\t\t<div class=\"elementor-widget-wrap\">\n\t\t\t\t\t\t<div class=\"elementor-element elementor-element-51241c9 elementor-widget elementor-widget-text-editor\" data-id=\"51241c9\" data-element_type=\"widget\" data-widget_type=\"text-editor.default\">\n\t\t\t\t<div class=\"elementor-widget-container\">\n\t\t\t\t\t\t\t\t<div class=\"elementor-text-editor elementor-clearfix\">\n\t\t\t\t<p style=\"text-align: center;\"><span style=\"color: #ff0000;\"><strong>13.3. NEORDINUJEME<\/strong><\/span><\/p><p style=\"text-align: center;\"><span style=\"color: #ff0000;\"><strong>ZASTUPUJE Dr. Ka\u0148ov\u00e1, \u0160t\u00edty<\/strong><\/span><\/p>\t\t\t\t\t<\/div>\n\t\t\t\t\t\t<\/div>\n\t\t\t\t<\/div>\n\t\t\t\t<div class=\"elementor-element elementor-element-d4ac4a4 elementor-widget elementor-widget-text-editor\" data-id=\"d4ac4a4\" data-element_type=\"widget\" data-widget_type=\"text-editor.default\">\n\t\t\t\t<div class=\"elementor-widget-container\">\n\t\t\t\t\t\t\t\t<div class=\"elementor-text-editor elementor-clearfix\">\n\t\t\t\t<p style=\"text-align: center;\">P\u0158IJ\u00cdM\u00c1ME NOV\u00c9 PACIENTY<span class=\"Apple-converted-space\">\u00a0<\/span><\/p><p style=\"text-align: center;\">\u017d\u00e1d\u00e1me pacienty, aby se v\u0161ichni na vy\u0161et\u0159en\u00ed p\u0159edem objedn\u00e1vali.<\/p>\t\t\t\t\t<\/div>\n\t\t\t\t\t\t<\/div>\n\t\t\t\t<\/div>\n\t\t\t\t\t\t<\/div>\n\t\t\t\t\t<\/div>\n\t\t<\/div>\n\t\t\t\t\t\t\t\t<\/div>\n\t\t\t\t\t<\/div>\n\t\t<\/section>\n\t\t\t\t<section class=\"elementor-section elementor-top-section elementor-element elementor-element-edb86b4 elementor-section-boxed elementor-section-height-default elementor-section-height-default\" data-id=\"edb86b4\" data-element_type=\"section\">\n\t\t\t\t\t\t<div class=\"elementor-container elementor-column-gap-default\">\n\t\t\t\t\t\t\t<div class=\"elementor-row\">\n\t\t\t\t\t<div class=\"elementor-column elementor-col-50 elementor-top-column elementor-element elementor-element-1691fe8\" data-id=\"1691fe8\" data-element_type=\"column\">\n\t\t\t<div class=\"elementor-column-wrap elementor-element-populated\">\n\t\t\t\t\t\t\t<div class=\"elementor-widget-wrap\">\n\t\t\t\t\t\t<div class=\"elementor-element elementor-element-1d71015 elementor-view-default elementor-mobile-position-top elementor-vertical-align-top elementor-widget elementor-widget-icon-box\" data-id=\"1d71015\" data-element_type=\"widget\" data-widget_type=\"icon-box.default\">\n\t\t\t\t<div class=\"elementor-widget-container\">\n\t\t\t\t\t<div class=\"elementor-icon-box-wrapper\">\n\t\t\t\t\t\t<div class=\"elementor-icon-box-icon\">\n\t\t\t\t<span class=\"elementor-icon elementor-animation-\" >\n\t\t\t\t<i aria-hidden=\"true\" class=\"fas fa-user-clock\"><\/i>\t\t\t\t<\/span>\n\t\t\t<\/div>\n\t\t\t\t\t\t<div class=\"elementor-icon-box-content\">\n\t\t\t\t<h4 class=\"elementor-icon-box-title\">\n\t\t\t\t\t<span  >\n\t\t\t\t\t\tOrdina\u010dn\u00ed doba - Bu\u0161\u00edn \u010dp. 84\t\t\t\t\t<\/span>\n\t\t\t\t<\/h4>\n\t\t\t\t\t\t\t\t\t<p class=\"elementor-icon-box-description\">\n\t\t\t\t\t\tPo, P\u00e1: 12:00 - 14:00\n<br>\n\u00dat: 7:00 - 13:00\n<br>\n\u010ct: 12:00 - 18:00\t\t\t\t\t<\/p>\n\t\t\t\t\t\t\t<\/div>\n\t\t<\/div>\n\t\t\t\t<\/div>\n\t\t\t\t<\/div>\n\t\t\t\t\t\t<\/div>\n\t\t\t\t\t<\/div>\n\t\t<\/div>\n\t\t\t\t<div class=\"elementor-column elementor-col-50 elementor-top-column elementor-element elementor-element-58ce978\" data-id=\"58ce978\" data-element_type=\"column\">\n\t\t\t<div class=\"elementor-column-wrap elementor-element-populated\">\n\t\t\t\t\t\t\t<div class=\"elementor-widget-wrap\">\n\t\t\t\t\t\t<div class=\"elementor-element elementor-element-aa1a995 elementor-view-default elementor-mobile-position-top elementor-vertical-align-top elementor-widget elementor-widget-icon-box\" data-id=\"aa1a995\" data-element_type=\"widget\" data-widget_type=\"icon-box.default\">\n\t\t\t\t<div class=\"elementor-widget-container\">\n\t\t\t\t\t<div class=\"elementor-icon-box-wrapper\">\n\t\t\t\t\t\t<div class=\"elementor-icon-box-icon\">\n\t\t\t\t<span class=\"elementor-icon elementor-animation-\" >\n\t\t\t\t<i aria-hidden=\"true\" class=\"fas fa-user-clock\"><\/i>\t\t\t\t<\/span>\n\t\t\t<\/div>\n\t\t\t\t\t\t<div class=\"elementor-icon-box-content\">\n\t\t\t\t<h4 class=\"elementor-icon-box-title\">\n\t\t\t\t\t<span  >\n\t\t\t\t\t\tOrdina\u010dn\u00ed doba - Ol\u0161any \u010dp. 89\t\t\t\t\t<\/span>\n\t\t\t\t<\/h4>\n\t\t\t\t\t\t\t\t\t<p class=\"elementor-icon-box-description\">\n\t\t\t\t\t\tPo: 7:00 - 11:00\n<br>\nSt: 7:00 - 11:00 - akutn\u00ed pacienti\n<br>\nSt: 11:00 - 13:00 - objednan\u00ed pacienti\n<br>\nP\u00e1: 7:00 - 11:00\n\t\t\t\t\t<\/p>\n\t\t\t\t\t\t\t<\/div>\n\t\t<\/div>\n\t\t\t\t<\/div>\n\t\t\t\t<\/div>\n\t\t\t\t\t\t<\/div>\n\t\t\t\t\t<\/div>\n\t\t<\/div>\n\t\t\t\t\t\t\t\t<\/div>\n\t\t\t\t\t<\/div>\n\t\t<\/section>\n\t\t\t\t\t\t\t\t\t<\/div>\n\t\t\t<\/div>\n\t\t\t\t\t<\/div>\n\t\t","protected":false},"excerpt":{"rendered":"<p>13.3. NEORDINUJEME ZASTUPUJE Dr. Ka\u0148ov\u00e1, \u0160t\u00edty P\u0158IJ\u00cdM\u00c1ME NOV\u00c9 PACIENTY\u00a0 \u017d\u00e1d\u00e1me pacienty, aby se v\u0161ichni na vy\u0161et\u0159en\u00ed p\u0159edem objedn\u00e1vali. Ordina\u010dn\u00ed doba &#8211; Bu\u0161\u00edn \u010dp. 84 Po, P\u00e1: 12:00 &#8211; 14:00 \u00dat: 7:00 &#8211; 13:00 \u010ct: 12:00 &#8211; 18:00 Ordina\u010dn\u00ed doba &#8211; Ol\u0161any \u010dp. 89 Po: 7:00 &#8211; 11:00 St: 7:00 &#8211; 11:00 &#8211; akutn\u00ed pacienti St: [&hellip;]<\/p>\n","protected":false},"author":1,"featured_media":0,"parent":0,"menu_order":0,"comment_status":"closed","ping_status":"open","template":"","meta":[],"_links":{"self":[{"href":"https:\/\/www.zavadilova.eu\/index.php?rest_route=\/wp\/v2\/pages\/2"}],"collection":[{"href":"https:\/\/www.zavadilova.eu\/index.php?rest_route=\/wp\/v2\/pages"}],"about":[{"href":"https:\/\/www.zavadilova.eu\/index.php?rest_route=\/wp\/v2\/types\/page"}],"author":[{"embeddable":true,"href":"https:\/\/www.zavadilova.eu\/index.php?rest_route=\/wp\/v2\/users\/1"}],"replies":[{"embeddable":true,"href":"https:\/\/www.zavadilova.eu\/index.php?rest_route=%2Fwp%2Fv2%2Fcomments&post=2"}],"version-history":[{"count":312,"href":"https:\/\/www.zavadilova.eu\/index.php?rest_route=\/wp\/v2\/pages\/2\/revisions"}],"predecessor-version":[{"id":466,"href":"https:\/\/www.zavadilova.eu\/index.php?rest_route=\/wp\/v2\/pages\/2\/revisions\/466"}],"wp:attachment":[{"href":"https:\/\/www.zavadilova.eu\/index.php?rest_route=%2Fwp%2Fv2%2Fmedia&parent=2"}],"curies":[{"name":"wp","href":"https:\/\/api.w.org\/{rel}","templated":true}]}}