{"id":19,"date":"2019-08-01T17:22:27","date_gmt":"2019-08-01T17:22:27","guid":{"rendered":"http:\/\/www.zavadilova.eu\/?page_id=19"},"modified":"2019-08-01T19:05:36","modified_gmt":"2019-08-01T19:05:36","slug":"sluzby","status":"publish","type":"page","link":"https:\/\/www.zavadilova.eu\/?page_id=19","title":{"rendered":"Slu\u017eby"},"content":{"rendered":"\t\t<div data-elementor-type=\"wp-post\" data-elementor-id=\"19\" class=\"elementor elementor-19\">\n\t\t\t\t\t\t<div class=\"elementor-inner\">\n\t\t\t\t<div class=\"elementor-section-wrap\">\n\t\t\t\t\t\t\t\t\t<section class=\"elementor-section elementor-top-section elementor-element elementor-element-f4e7f72 elementor-section-boxed elementor-section-height-default elementor-section-height-default\" data-id=\"f4e7f72\" data-element_type=\"section\">\n\t\t\t\t\t\t<div class=\"elementor-container elementor-column-gap-default\">\n\t\t\t\t\t\t\t<div class=\"elementor-row\">\n\t\t\t\t\t<div class=\"elementor-column elementor-col-100 elementor-top-column elementor-element elementor-element-f7f4b43\" data-id=\"f7f4b43\" data-element_type=\"column\">\n\t\t\t<div class=\"elementor-column-wrap elementor-element-populated\">\n\t\t\t\t\t\t\t<div class=\"elementor-widget-wrap\">\n\t\t\t\t\t\t<div class=\"elementor-element elementor-element-d493efa elementor-view-default elementor-mobile-position-top elementor-vertical-align-top elementor-widget elementor-widget-icon-box\" data-id=\"d493efa\" data-element_type=\"widget\" data-widget_type=\"icon-box.default\">\n\t\t\t\t<div class=\"elementor-widget-container\">\n\t\t\t\t\t<div class=\"elementor-icon-box-wrapper\">\n\t\t\t\t\t\t<div class=\"elementor-icon-box-icon\">\n\t\t\t\t<span class=\"elementor-icon elementor-animation-\" >\n\t\t\t\t<i aria-hidden=\"true\" class=\"fas fa-syringe\"><\/i>\t\t\t\t<\/span>\n\t\t\t<\/div>\n\t\t\t\t\t\t<div class=\"elementor-icon-box-content\">\n\t\t\t\t<h3 class=\"elementor-icon-box-title\">\n\t\t\t\t\t<span  >\n\t\t\t\t\t\tOdb\u011bry\t\t\t\t\t<\/span>\n\t\t\t\t<\/h3>\n\t\t\t\t\t\t\t\t\t<p class=\"elementor-icon-box-description\">\n\t\t\t\t\t\tOdb\u011bry  Ol\u0161any<br>\n\npond\u011bl\u00ed: 7:00 - 7:30<br>\n\nst\u0159eda:   7:00 - 7:30<br>\n<br>\n\nOdb\u011bry  Bu\u0161\u00edn <br>\n\n\u00fater\u00fd: 7:00 - 7:30\t\t\t\t\t<\/p>\n\t\t\t\t\t\t\t<\/div>\n\t\t<\/div>\n\t\t\t\t<\/div>\n\t\t\t\t<\/div>\n\t\t\t\t\t\t<\/div>\n\t\t\t\t\t<\/div>\n\t\t<\/div>\n\t\t\t\t\t\t\t\t<\/div>\n\t\t\t\t\t<\/div>\n\t\t<\/section>\n\t\t\t\t<section class=\"elementor-section elementor-top-section elementor-element elementor-element-4cde110 elementor-section-boxed elementor-section-height-default elementor-section-height-default\" data-id=\"4cde110\" data-element_type=\"section\">\n\t\t\t\t\t\t<div class=\"elementor-container elementor-column-gap-default\">\n\t\t\t\t\t\t\t<div class=\"elementor-row\">\n\t\t\t\t\t<div class=\"elementor-column elementor-col-100 elementor-top-column elementor-element elementor-element-860e35c\" data-id=\"860e35c\" data-element_type=\"column\">\n\t\t\t<div class=\"elementor-column-wrap elementor-element-populated\">\n\t\t\t\t\t\t\t<div class=\"elementor-widget-wrap\">\n\t\t\t\t\t\t<div class=\"elementor-element elementor-element-6760dd5 elementor-view-default elementor-mobile-position-top elementor-vertical-align-top elementor-widget elementor-widget-icon-box\" data-id=\"6760dd5\" data-element_type=\"widget\" data-widget_type=\"icon-box.default\">\n\t\t\t\t<div class=\"elementor-widget-container\">\n\t\t\t\t\t<div class=\"elementor-icon-box-wrapper\">\n\t\t\t\t\t\t<div class=\"elementor-icon-box-icon\">\n\t\t\t\t<span class=\"elementor-icon elementor-animation-\" >\n\t\t\t\t<i aria-hidden=\"true\" class=\"fab fa-servicestack\"><\/i>\t\t\t\t<\/span>\n\t\t\t<\/div>\n\t\t\t\t\t\t<div class=\"elementor-icon-box-content\">\n\t\t\t\t<h3 class=\"elementor-icon-box-title\">\n\t\t\t\t\t<span  >\n\t\t\t\t\t\tPoskytovan\u00e9 slu\u017eby\t\t\t\t\t<\/span>\n\t\t\t\t<\/h3>\n\t\t\t\t\t\t\t\t\t<p class=\"elementor-icon-box-description\">\n\t\t\t\t\t\tDiagnostick\u00e1, l\u00e9\u010debn\u00e1 a preventivn\u00ed p\u00e9\u010de<br>\n\nPravideln\u00e9 preventivn\u00ed prohl\u00eddky pro dosp\u011bl\u00e9 a dorost<br>\n\nOdb\u011bry krve a biologick\u00e9ho materi\u00e1lu<br>\nO\u0161et\u0159en\u00ed drobn\u00fdch poran\u011bn\u00ed<br>\nVy\u0161et\u0159en\u00ed stolice na skryt\u00e9 krv\u00e1cen\u00ed\n<br>Vy\u0161et\u0159en\u00ed EKG a popis k\u0159ivky\n<br>O\u010dkov\u00e1n\u00ed dle o\u010dkovac\u00edho kalend\u00e1\u0159e i na \u017e\u00e1dost pacienta\n<br>M\u011b\u0159en\u00ed krevn\u00edho tlaku, stanoven\u00ed kardiovaskul\u00e1rn\u00edho rizika\n<br>Posouzen\u00ed zdravotn\u00ed zp\u016fsobilosti\n<br>P\u0159edopera\u010dn\u00ed vy\u0161et\u0159en\u00ed\n<br>N\u00e1v\u0161t\u011bvn\u00ed slu\u017eba\t\t\t\t\t<\/p>\n\t\t\t\t\t\t\t<\/div>\n\t\t<\/div>\n\t\t\t\t<\/div>\n\t\t\t\t<\/div>\n\t\t\t\t\t\t<\/div>\n\t\t\t\t\t<\/div>\n\t\t<\/div>\n\t\t\t\t\t\t\t\t<\/div>\n\t\t\t\t\t<\/div>\n\t\t<\/section>\n\t\t\t\t<section class=\"elementor-section elementor-top-section elementor-element elementor-element-da42ec6 elementor-section-boxed elementor-section-height-default elementor-section-height-default\" data-id=\"da42ec6\" data-element_type=\"section\">\n\t\t\t\t\t\t<div class=\"elementor-container elementor-column-gap-default\">\n\t\t\t\t\t\t\t<div class=\"elementor-row\">\n\t\t\t\t\t<div class=\"elementor-column elementor-col-100 elementor-top-column elementor-element elementor-element-3048a76\" data-id=\"3048a76\" data-element_type=\"column\">\n\t\t\t<div class=\"elementor-column-wrap elementor-element-populated\">\n\t\t\t\t\t\t\t<div class=\"elementor-widget-wrap\">\n\t\t\t\t\t\t<div class=\"elementor-element elementor-element-303211b elementor-view-default elementor-mobile-position-top elementor-vertical-align-top elementor-widget elementor-widget-icon-box\" data-id=\"303211b\" data-element_type=\"widget\" data-widget_type=\"icon-box.default\">\n\t\t\t\t<div class=\"elementor-widget-container\">\n\t\t\t\t\t<div class=\"elementor-icon-box-wrapper\">\n\t\t\t\t\t\t<div class=\"elementor-icon-box-icon\">\n\t\t\t\t<span class=\"elementor-icon elementor-animation-\" >\n\t\t\t\t<i aria-hidden=\"true\" class=\"far fa-list-alt\"><\/i>\t\t\t\t<\/span>\n\t\t\t<\/div>\n\t\t\t\t\t\t<div class=\"elementor-icon-box-content\">\n\t\t\t\t<h3 class=\"elementor-icon-box-title\">\n\t\t\t\t\t<span  >\n\t\t\t\t\t\tVybaven\u00ed ordinace\t\t\t\t\t<\/span>\n\t\t\t\t<\/h3>\n\t\t\t\t\t\t\t\t\t<p class=\"elementor-icon-box-description\">\n\t\t\t\t\t\tTlakov\u00fd holter<br>\n\nEKG<br>\n\nGlukometr na m\u011b\u0159en\u00ed hladiny cukru v krvi<br>\n\nP\u0159\u00edstroj na stanoven\u00ed INR pro m\u011b\u0159en\u00ed krevn\u00ed sr\u00e1\u017elivosti (p\u0159i u\u017e\u00edv\u00e1n\u00ed warfarinu)<br>\nP\u0159\u00edstroj na stanoven\u00ed CRP, kter\u00fd napom\u00e1h\u00e1 diagnostice z\u00e1n\u011btliv\u00fdch stav\u016f<br>\t\t\t\t\t<\/p>\n\t\t\t\t\t\t\t<\/div>\n\t\t<\/div>\n\t\t\t\t<\/div>\n\t\t\t\t<\/div>\n\t\t\t\t\t\t<\/div>\n\t\t\t\t\t<\/div>\n\t\t<\/div>\n\t\t\t\t\t\t\t\t<\/div>\n\t\t\t\t\t<\/div>\n\t\t<\/section>\n\t\t\t\t\t\t\t\t\t<\/div>\n\t\t\t<\/div>\n\t\t\t\t\t<\/div>\n\t\t","protected":false},"excerpt":{"rendered":"<p>Odb\u011bry Odb\u011bry Ol\u0161any pond\u011bl\u00ed: 7:00 &#8211; 7:30 st\u0159eda: 7:00 &#8211; 7:30 Odb\u011bry Bu\u0161\u00edn \u00fater\u00fd: 7:00 &#8211; 7:30 Poskytovan\u00e9 slu\u017eby Diagnostick\u00e1, l\u00e9\u010debn\u00e1 a preventivn\u00ed p\u00e9\u010de Pravideln\u00e9 preventivn\u00ed prohl\u00eddky pro dosp\u011bl\u00e9 a dorost Odb\u011bry krve a biologick\u00e9ho materi\u00e1lu O\u0161et\u0159en\u00ed drobn\u00fdch poran\u011bn\u00ed Vy\u0161et\u0159en\u00ed stolice na skryt\u00e9 krv\u00e1cen\u00ed Vy\u0161et\u0159en\u00ed EKG a popis k\u0159ivky O\u010dkov\u00e1n\u00ed dle o\u010dkovac\u00edho kalend\u00e1\u0159e i na [&hellip;]<\/p>\n","protected":false},"author":1,"featured_media":0,"parent":0,"menu_order":3,"comment_status":"closed","ping_status":"closed","template":"","meta":[],"_links":{"self":[{"href":"https:\/\/www.zavadilova.eu\/index.php?rest_route=\/wp\/v2\/pages\/19"}],"collection":[{"href":"https:\/\/www.zavadilova.eu\/index.php?rest_route=\/wp\/v2\/pages"}],"about":[{"href":"https:\/\/www.zavadilova.eu\/index.php?rest_route=\/wp\/v2\/types\/page"}],"author":[{"embeddable":true,"href":"https:\/\/www.zavadilova.eu\/index.php?rest_route=\/wp\/v2\/users\/1"}],"replies":[{"embeddable":true,"href":"https:\/\/www.zavadilova.eu\/index.php?rest_route=%2Fwp%2Fv2%2Fcomments&post=19"}],"version-history":[{"count":4,"href":"https:\/\/www.zavadilova.eu\/index.php?rest_route=\/wp\/v2\/pages\/19\/revisions"}],"predecessor-version":[{"id":55,"href":"https:\/\/www.zavadilova.eu\/index.php?rest_route=\/wp\/v2\/pages\/19\/revisions\/55"}],"wp:attachment":[{"href":"https:\/\/www.zavadilova.eu\/index.php?rest_route=%2Fwp%2Fv2%2Fmedia&parent=19"}],"curies":[{"name":"wp","href":"https:\/\/api.w.org\/{rel}","templated":true}]}}