{"id":15,"date":"2019-08-01T17:20:21","date_gmt":"2019-08-01T17:20:21","guid":{"rendered":"http:\/\/www.zavadilova.eu\/?page_id=15"},"modified":"2019-08-19T18:27:13","modified_gmt":"2019-08-19T18:27:13","slug":"15-2","status":"publish","type":"page","link":"https:\/\/www.zavadilova.eu\/?page_id=15","title":{"rendered":"Aktuality"},"content":{"rendered":"\t\t<div data-elementor-type=\"wp-post\" data-elementor-id=\"15\" class=\"elementor elementor-15\">\n\t\t\t\t\t\t<div class=\"elementor-inner\">\n\t\t\t\t<div class=\"elementor-section-wrap\">\n\t\t\t\t\t\t\t\t\t<section class=\"elementor-section elementor-top-section elementor-element elementor-element-d284ec2 elementor-section-boxed elementor-section-height-default elementor-section-height-default\" data-id=\"d284ec2\" data-element_type=\"section\">\n\t\t\t\t\t\t<div class=\"elementor-container elementor-column-gap-default\">\n\t\t\t\t\t\t\t<div class=\"elementor-row\">\n\t\t\t\t\t<div class=\"elementor-column elementor-col-100 elementor-top-column elementor-element elementor-element-2cab7d66\" data-id=\"2cab7d66\" data-element_type=\"column\">\n\t\t\t<div class=\"elementor-column-wrap elementor-element-populated\">\n\t\t\t\t\t\t\t<div class=\"elementor-widget-wrap\">\n\t\t\t\t\t\t\t\t<\/div>\n\t\t\t\t\t<\/div>\n\t\t<\/div>\n\t\t\t\t\t\t\t\t<\/div>\n\t\t\t\t\t<\/div>\n\t\t<\/section>\n\t\t\t\t<section class=\"elementor-section elementor-top-section elementor-element elementor-element-1d0c72b elementor-section-boxed elementor-section-height-default elementor-section-height-default\" data-id=\"1d0c72b\" data-element_type=\"section\">\n\t\t\t\t\t\t<div class=\"elementor-container elementor-column-gap-default\">\n\t\t\t\t\t\t\t<div class=\"elementor-row\">\n\t\t\t\t\t<div class=\"elementor-column elementor-col-100 elementor-top-column elementor-element elementor-element-b66a645\" data-id=\"b66a645\" data-element_type=\"column\">\n\t\t\t<div class=\"elementor-column-wrap elementor-element-populated\">\n\t\t\t\t\t\t\t<div class=\"elementor-widget-wrap\">\n\t\t\t\t\t\t<div class=\"elementor-element elementor-element-d7df42f elementor-widget elementor-widget-text-editor\" data-id=\"d7df42f\" data-element_type=\"widget\" data-widget_type=\"text-editor.default\">\n\t\t\t\t<div class=\"elementor-widget-container\">\n\t\t\t\t\t\t\t\t<div class=\"elementor-text-editor elementor-clearfix\">\n\t\t\t\t<h5>GDPR v ordinaci praktick\u00e9ho l\u00e9ka\u0159e<\/h5><div><span style=\"color: #888888; font-family: Nunito, Arial, sans-serif; font-size: 15px; letter-spacing: normal; text-align: start;\">Na z\u00e1klad\u011b evropsk\u00e9ho na\u0159\u00edzen\u00ed ke GDPR je zdravotnick\u00fd person\u00e1l povinen zachov\u00e1vat ml\u010denlivost a chr\u00e1nit p\u0159ed zneu\u017eit\u00edm data, \u00fadaje a osobn\u00ed \u00fadaje pacient\u016f, citliv\u00e9 osobn\u00ed \u00fadaje, informace o zdravotn\u00edm stavu, shroma\u017e\u010fovat pouze nezbytn\u00e9 \u00fadaje a osobn\u00ed \u00fadaje, bezpe\u010dn\u011b je ukl\u00e1dat a chr\u00e1nit p\u0159ed neopr\u00e1vn\u011bn\u00fdm p\u0159\u00edstupem, neposkytovat je subjekt\u016fm, kter\u00e9 na n\u011b nemaj\u00ed z\u00e1konn\u00fd n\u00e1rok, nepot\u0159ebn\u00e9 \u00fadaje vy\u0159azovat a d\u00e1l nezpracov\u00e1vat.\u00a0<\/span><\/div><div>\u00a0<\/div>\t\t\t\t\t<\/div>\n\t\t\t\t\t\t<\/div>\n\t\t\t\t<\/div>\n\t\t\t\t\t\t<\/div>\n\t\t\t\t\t<\/div>\n\t\t<\/div>\n\t\t\t\t\t\t\t\t<\/div>\n\t\t\t\t\t<\/div>\n\t\t<\/section>\n\t\t\t\t\t\t\t\t\t<\/div>\n\t\t\t<\/div>\n\t\t\t\t\t<\/div>\n\t\t","protected":false},"excerpt":{"rendered":"<p>GDPR v ordinaci praktick\u00e9ho l\u00e9ka\u0159e Na z\u00e1klad\u011b evropsk\u00e9ho na\u0159\u00edzen\u00ed ke GDPR je zdravotnick\u00fd person\u00e1l povinen zachov\u00e1vat ml\u010denlivost a chr\u00e1nit p\u0159ed zneu\u017eit\u00edm data, \u00fadaje a osobn\u00ed \u00fadaje pacient\u016f, citliv\u00e9 osobn\u00ed \u00fadaje, informace o zdravotn\u00edm stavu, shroma\u017e\u010fovat pouze nezbytn\u00e9 \u00fadaje a osobn\u00ed \u00fadaje, bezpe\u010dn\u011b je ukl\u00e1dat a chr\u00e1nit p\u0159ed neopr\u00e1vn\u011bn\u00fdm p\u0159\u00edstupem, neposkytovat je subjekt\u016fm, kter\u00e9 na n\u011b [&hellip;]<\/p>\n","protected":false},"author":1,"featured_media":0,"parent":0,"menu_order":2,"comment_status":"closed","ping_status":"closed","template":"","meta":[],"_links":{"self":[{"href":"https:\/\/www.zavadilova.eu\/index.php?rest_route=\/wp\/v2\/pages\/15"}],"collection":[{"href":"https:\/\/www.zavadilova.eu\/index.php?rest_route=\/wp\/v2\/pages"}],"about":[{"href":"https:\/\/www.zavadilova.eu\/index.php?rest_route=\/wp\/v2\/types\/page"}],"author":[{"embeddable":true,"href":"https:\/\/www.zavadilova.eu\/index.php?rest_route=\/wp\/v2\/users\/1"}],"replies":[{"embeddable":true,"href":"https:\/\/www.zavadilova.eu\/index.php?rest_route=%2Fwp%2Fv2%2Fcomments&post=15"}],"version-history":[{"count":9,"href":"https:\/\/www.zavadilova.eu\/index.php?rest_route=\/wp\/v2\/pages\/15\/revisions"}],"predecessor-version":[{"id":82,"href":"https:\/\/www.zavadilova.eu\/index.php?rest_route=\/wp\/v2\/pages\/15\/revisions\/82"}],"wp:attachment":[{"href":"https:\/\/www.zavadilova.eu\/index.php?rest_route=%2Fwp%2Fv2%2Fmedia&parent=15"}],"curies":[{"name":"wp","href":"https:\/\/api.w.org\/{rel}","templated":true}]}}